{"id":5,"date":"2021-04-19T19:30:48","date_gmt":"2021-04-19T17:30:48","guid":{"rendered":"https:\/\/tinid.fr\/?page_id=5"},"modified":"2022-05-21T18:55:11","modified_gmt":"2022-05-21T16:55:11","slug":"accueil","status":"publish","type":"page","link":"https:\/\/tinid.fr\/","title":{"rendered":"Pr\u00e9sentation"},"content":{"rendered":"\n<h1 class=\"has-text-align-center has-palette-color-4-color has-text-color wp-block-heading\" style=\"font-size:60px\"><strong>Bienvenue dans notre p&rsquo;tit nid<\/strong><\/h1>\n\n\n\n<div style=\"height:100px\" aria-hidden=\"true\" class=\"wp-block-spacer\"><\/div>\n\n\n\n<div class=\"wp-block-cover alignfull is-light has-parallax has-custom-content-position is-position-bottom-center\" style=\"background-image:url(https:\/\/tinid.fr\/wp-content\/uploads\/2022\/05\/1652732848713-scaled.jpg);min-height:700px;aspect-ratio:unset;\"><span aria-hidden=\"true\" class=\"wp-block-cover__gradient-background has-background-dim\"><\/span><div class=\"wp-block-cover__inner-container is-layout-flow wp-block-cover-is-layout-flow\">\n<p class=\"has-large-font-size\"><\/p>\n\n\n\n<p><\/p>\n<\/div><\/div>\n\n\n\n<div style=\"height:100px\" aria-hidden=\"true\" class=\"wp-block-spacer\"><\/div>\n\n\n\n<div class=\"wp-block-columns is-layout-flex wp-container-core-columns-is-layout-28f84493 wp-block-columns-is-layout-flex\">\n<div class=\"wp-block-column card is-layout-flow wp-block-column-is-layout-flow\" style=\"flex-basis:40%\">\n<div class=\"wp-block-image is-style-rounded\"><figure class=\"aligncenter size-large is-resized\"><img data-recalc-dims=\"1\" loading=\"lazy\" decoding=\"async\" src=\"https:\/\/i0.wp.com\/tinid.fr\/wp-content\/uploads\/2021\/04\/IMG_20201025_104447-edited.jpg?resize=200%2C200&#038;ssl=1\" alt=\"\" class=\"wp-image-16\" width=\"200\" height=\"200\" srcset=\"https:\/\/i0.wp.com\/tinid.fr\/wp-content\/uploads\/2021\/04\/IMG_20201025_104447-edited.jpg?w=1801&amp;ssl=1 1801w, https:\/\/i0.wp.com\/tinid.fr\/wp-content\/uploads\/2021\/04\/IMG_20201025_104447-edited.jpg?resize=300%2C300&amp;ssl=1 300w, https:\/\/i0.wp.com\/tinid.fr\/wp-content\/uploads\/2021\/04\/IMG_20201025_104447-edited.jpg?resize=1024%2C1020&amp;ssl=1 1024w, https:\/\/i0.wp.com\/tinid.fr\/wp-content\/uploads\/2021\/04\/IMG_20201025_104447-edited.jpg?resize=150%2C150&amp;ssl=1 150w, https:\/\/i0.wp.com\/tinid.fr\/wp-content\/uploads\/2021\/04\/IMG_20201025_104447-edited.jpg?resize=768%2C765&amp;ssl=1 768w, https:\/\/i0.wp.com\/tinid.fr\/wp-content\/uploads\/2021\/04\/IMG_20201025_104447-edited.jpg?resize=1536%2C1530&amp;ssl=1 1536w\" sizes=\"auto, (max-width: 200px) 100vw, 200px\" \/><\/figure><\/div>\n\n\n\n<h5 class=\"alignwide has-text-align-center has-palette-color-2-color has-text-color wp-block-heading\">Morganne<\/h5>\n\n\n\n<p class=\"has-text-align-center\">En formation petite enfance, \u00ab\u00a0momo\u00a0\u00bb pour les intimes est originaire des Vosges. Elle aime r\u00e2ler, cuisiner, ET L\u00c9O. Pas tr\u00e8s bricolo la momo, mais si elle veut cette Tiny, elle n&rsquo;aura pas le choix.<\/p>\n\n\n\n<div style=\"height:30px\" aria-hidden=\"true\" class=\"wp-block-spacer\"><\/div>\n\n\n\n<div class=\"wp-block-image is-style-rounded\"><figure class=\"aligncenter size-large is-resized\"><img data-recalc-dims=\"1\" loading=\"lazy\" decoding=\"async\" src=\"https:\/\/i0.wp.com\/tinid.fr\/wp-content\/uploads\/2021\/04\/IMG_20210417_162936-edited.jpg?resize=200%2C200&#038;ssl=1\" alt=\"\" class=\"wp-image-20\" width=\"200\" height=\"200\" srcset=\"https:\/\/i0.wp.com\/tinid.fr\/wp-content\/uploads\/2021\/04\/IMG_20210417_162936-edited.jpg?w=2013&amp;ssl=1 2013w, https:\/\/i0.wp.com\/tinid.fr\/wp-content\/uploads\/2021\/04\/IMG_20210417_162936-edited.jpg?resize=300%2C300&amp;ssl=1 300w, https:\/\/i0.wp.com\/tinid.fr\/wp-content\/uploads\/2021\/04\/IMG_20210417_162936-edited.jpg?resize=1024%2C1024&amp;ssl=1 1024w, https:\/\/i0.wp.com\/tinid.fr\/wp-content\/uploads\/2021\/04\/IMG_20210417_162936-edited.jpg?resize=150%2C150&amp;ssl=1 150w, https:\/\/i0.wp.com\/tinid.fr\/wp-content\/uploads\/2021\/04\/IMG_20210417_162936-edited.jpg?resize=768%2C769&amp;ssl=1 768w, https:\/\/i0.wp.com\/tinid.fr\/wp-content\/uploads\/2021\/04\/IMG_20210417_162936-edited.jpg?resize=1534%2C1536&amp;ssl=1 1534w\" sizes=\"auto, (max-width: 200px) 100vw, 200px\" \/><\/figure><\/div>\n\n\n\n<h4 class=\"has-text-align-center has-palette-color-2-color has-text-color wp-block-heading\">Antoine<\/h4>\n\n\n\n<p class=\"has-text-align-center\">Bricoleur \u00e0 ses heures perdues, ing\u00e9nieur informatique \u00e0 plein temps, Antoine est aussi originaire des Vosges et r\u00eave de construction depuis quelques temps.<\/p>\n\n\n\n<div style=\"height:30px\" aria-hidden=\"true\" class=\"wp-block-spacer\"><\/div>\n\n\n\n<div class=\"wp-block-image is-style-rounded\"><figure class=\"aligncenter size-large is-resized\"><img data-recalc-dims=\"1\" loading=\"lazy\" decoding=\"async\" src=\"https:\/\/i0.wp.com\/tinid.fr\/wp-content\/uploads\/2021\/04\/IMG_20201025_105230-edited.jpg?resize=200%2C200&#038;ssl=1\" alt=\"\" class=\"wp-image-23\" width=\"200\" height=\"200\" srcset=\"https:\/\/i0.wp.com\/tinid.fr\/wp-content\/uploads\/2021\/04\/IMG_20201025_105230-edited.jpg?w=2013&amp;ssl=1 2013w, https:\/\/i0.wp.com\/tinid.fr\/wp-content\/uploads\/2021\/04\/IMG_20201025_105230-edited.jpg?resize=300%2C300&amp;ssl=1 300w, https:\/\/i0.wp.com\/tinid.fr\/wp-content\/uploads\/2021\/04\/IMG_20201025_105230-edited.jpg?resize=1024%2C1024&amp;ssl=1 1024w, https:\/\/i0.wp.com\/tinid.fr\/wp-content\/uploads\/2021\/04\/IMG_20201025_105230-edited.jpg?resize=150%2C150&amp;ssl=1 150w, https:\/\/i0.wp.com\/tinid.fr\/wp-content\/uploads\/2021\/04\/IMG_20201025_105230-edited.jpg?resize=768%2C769&amp;ssl=1 768w, https:\/\/i0.wp.com\/tinid.fr\/wp-content\/uploads\/2021\/04\/IMG_20201025_105230-edited.jpg?resize=1534%2C1536&amp;ssl=1 1534w\" sizes=\"auto, (max-width: 200px) 100vw, 200px\" \/><\/figure><\/div>\n\n\n\n<h4 class=\"has-text-align-center has-palette-color-2-color has-text-color wp-block-heading\">L\u00e9o<\/h4>\n\n\n\n<p class=\"has-text-align-center\">Flemmard \u00e0 plein temps, L\u00e9o aime se balader dans la nature. Et lui n&rsquo;en n&rsquo;a rien \u00e0 carrer de la Tiny de p\u00f4pa et m\u00f4man. Il sera juste heureux d&rsquo;avoir un grand terrain.<\/p>\n<\/div>\n\n\n\n<div class=\"wp-block-column is-layout-flow wp-block-column-is-layout-flow\"><\/div>\n\n\n\n<div class=\"wp-block-column is-layout-flow wp-block-column-is-layout-flow\" style=\"flex-basis:66.66%\">\n<h4 class=\"wp-block-heading\">Ki kon n\u00e9 ?<\/h4>\n\n\n\n<p class=\"has-text-align-justify has-text-color\" style=\"color:#7c7d7c\">Ag\u00e9s de 23 ans, nous sommes ensemble depuis 7 ans, et nous vivons dans un appartement Nanc\u00e9en depuis plus d&rsquo;un an. Depuis quelques ann\u00e9es d\u00e9j\u00e0 nous r\u00eavons de notre Tiny House et de notre terrain. Les \u00e9tudes se terminent et voil\u00e0 le moment pour nous de nous lancer. Le confinement dans un appartement nous a confirm\u00e9 ce choix de vie : un grand terrain, une mini maison, la nature, les animaux, c&rsquo;est ce qu&rsquo;on veut !<\/p>\n\n\n\n<h4 class=\"wp-block-heading\">Pourquoi une Tiny House ?<\/h4>\n\n\n\n<p class=\"has-text-align-justify has-text-color\" style=\"color:#7c7d7c\">Aujourd&rsquo;hui, nous vivons dans un appartement de 60m\u00b2 \u00e0 Nancy et nous en utilisons \u00e0 peine la moiti\u00e9. En plus de \u00e7a, nous constatons que nous avons tendance \u00e0 accumuler trop d&rsquo;objets dans notre vie qui encombre notre espace et notre esprit et c&rsquo;est une chose que nous voulons \u00e9viter. Pour finir, nous sommes convaincu qu&rsquo;une vie en ville ne nous rendrais pas totalement heureux, nous r\u00eavons d&rsquo;un grand terrain sur lequel nous pourrions avoir pleins de projets, avoir des animaux et la beaut\u00e9 de la nature !  Nous avons alors beaucoup r\u00e9fl\u00e9chi et le choix de la Tiny House nous semble parfait pour plusieurs raisons : taille des maisons traditionnelles qui ne nous convient pas, minimalisme, \u00e9cologie, \u00eatre proche de la nature\u2026 <\/p>\n\n\n\n<p class=\"has-text-align-justify has-text-color\" style=\"color:#7c7d7c\">La Tiny House \u00e9tant un habitat l\u00e9ger et petit, elle nous permettra d&rsquo;acheter un minimum de mat\u00e9riaux pour la construire et tout ce que nous pourrons r\u00e9cup\u00e9rer sera utilis\u00e9. Niveau \u00e9cologie nous pouvons faire quelque chose de top puisque nous ne consommeront presque rien et \u00e0 terme, nous aimerions \u00eatre autonome en eau (r\u00e9cup\u00e9ration d&rsquo;eau de pluie et filtre), en \u00e9lectricit\u00e9 (panneau solaire), et en nourriture (jardinage).<\/p>\n\n\n\n<p class=\"has-text-align-justify has-text-color\" style=\"color:#7c7d7c\">Le dernier point qui nous a motiv\u00e9 \u00e0 construire la Tiny est qu&rsquo;il s&rsquo;agit d&rsquo;un petit projet donc un petit budget, des petites t\u00e2ches mais avec toutes les m\u00e9thodes de construction d&rsquo;une maison traditionnelle ce qui nous formera niveau construction.<\/p>\n\n\n\n<h4 class=\"wp-block-heading\">Un projet \u00e0 long terme<\/h4>\n\n\n\n<p class=\"has-text-align-justify has-text-color\" style=\"color:#7c7d7c\">Le projet \u00e0 long terme est de vivre dans notre Tiny le temps de construire une maison un poil plus grande sur fondation et de proposer la Tiny en location, un petit g\u00eete de campagne qui nous permettrait faire des belles rencontres et de loger les copains et la famille. De plus, comme dit plus haut, nous avons pour projet d&rsquo;\u00eatre autonome (eau, \u00e9lectricit\u00e9 et alimentation), et de r\u00e9aliser une piscine naturelle. Antoine r\u00eave d&rsquo;un garage \u00e9colo pour bricoler, Morganne d&rsquo;un terrain de p\u00e9tanque et  L\u00e9o d&rsquo;un copain chat et tout \u00e7a c&rsquo;est la vie dont nous r\u00eavons. <\/p>\n\n\n\n<p class=\"has-text-align-justify has-text-color\" style=\"color:#7c7d7c\">Les id\u00e9es \u00e9voluerons sans doute, la r\u00e9alit\u00e9 sera peut \u00eatre un peu diff\u00e9rente mais nous allons tout faire pour r\u00e9aliser ce qui nous rendra le plus heureux ! Les plans de la Tiny House sont faits, les mat\u00e9riaux vont arriver petit \u00e0 petit, et nous allons faire vivre ce projet ! Alors vous pouvez suivre tout \u00e7a sur instagram ! <br><br><\/p>\n\n\n\n<div class=\"wp-block-buttons is-content-justification-center is-layout-flex wp-container-core-buttons-is-layout-a89b3969 wp-block-buttons-is-layout-flex\">\n<div class=\"wp-block-button has-custom-font-size is-style-outline has-medium-font-size is-style-outline--1\"><a class=\"wp-block-button__link\" href=\"https:\/\/tinid.fr\/?cat=2\" style=\"border-radius:7px\" rel=\"\">Voir les \u00e9tapes de la construction<\/a><\/div>\n<\/div>\n\n\n\n<div style=\"height:32px\" aria-hidden=\"true\" class=\"wp-block-spacer\"><\/div>\n\n\n\n<div class=\"wp-block-buttons is-content-justification-center is-layout-flex wp-container-core-buttons-is-layout-a89b3969 wp-block-buttons-is-layout-flex\">\n<div class=\"wp-block-button is-style-outline is-style-outline--2\"><a class=\"wp-block-button__link\" href=\"https:\/\/tinid.fr\/?page_id=165\">D\u00e9couvrir les photos<\/a><\/div>\n<\/div>\n\n\n\n<ul class=\"wp-block-social-links is-layout-flex wp-block-social-links-is-layout-flex\"><\/ul>\n<\/div>\n<\/div>\n\n\n\n<p><\/p>\n","protected":false},"excerpt":{"rendered":"<p>Bienvenue dans notre p&rsquo;tit nid Morganne En formation petite enfance, \u00ab\u00a0momo\u00a0\u00bb pour les intimes est originaire des Vosges. Elle aime r\u00e2ler, cuisiner, ET L\u00c9O. Pas tr\u00e8s bricolo la momo, mais si elle veut cette Tiny, elle n&rsquo;aura pas le choix. Antoine Bricoleur \u00e0 ses heures perdues, ing\u00e9nieur informatique \u00e0 plein temps, Antoine est aussi originaire des Vosges et r\u00eave de construction depuis quelques temps. L\u00e9o Flemmard \u00e0 plein temps, L\u00e9o aime se balader dans la nature. Et lui n&rsquo;en n&rsquo;a rien \u00e0 carrer de la Tiny de p\u00f4pa et m\u00f4man. Il sera juste heureux d&rsquo;avoir un grand terrain. Ki kon\u2026<\/p>\n","protected":false},"author":2,"featured_media":0,"parent":0,"menu_order":0,"comment_status":"closed","ping_status":"closed","template":"","meta":{"pgc_sgb_lightbox_settings":"","footnotes":""},"class_list":["post-5","page","type-page","status-publish","hentry"],"blocksy_meta":{"styles_descriptor":{"styles":{"desktop":"[data-prefix=\"single_page\"] [class*=\"ct-container\"] > article[class*=\"post\"] {--has-boxed:var(--false);--has-wide:var(--true);}","tablet":"","mobile":""},"google_fonts":[],"version":5},"page_title_panel":"","has_hero_section":"default","a8c416fe0dadd68d3a58634092afd18a":"","hero_section":"type-1","hero_elements":[{"id":"custom_title","enabled":true,"heading_tag":"h1","title":"Accueil","__id":"aBkzpIebrArsaY5rRHNtB"},{"id":"custom_description","enabled":true,"description_visibility":{"desktop":true,"tablet":true,"mobile":false},"__id":"AJ_mglyLzZ09F7gDsRaLA"},{"id":"custom_meta","enabled":false,"meta_elements":[{"id":"author","enabled":true,"label":"Par","has_author_avatar":"yes","avatar_size":25},{"id":"post_date","enabled":true,"label":"Sur","date_format_source":"default","date_format":"M j, Y"},{"id":"comments","enabled":true}],"page_meta_elements":{"joined":true,"articles_count":true,"comments":true},"__id":"_KVOsZYG_tlgUZn26Yxtv"},{"id":"breadcrumbs","enabled":false,"__id":"S5eRBYUyeDPIs1bf512DA"}],"a3039052336622cbfce0472ac87bcc29":"","hero_alignment1":{"0":"l","1":"e","2":"f","3":"t","desktop":"center","tablet":"center","mobile":"center","__changed":[]},"hero_margin":{"desktop":"36","tablet":"36","mobile":"36","__changed":[]},"hero_alignment2":"center","hero_vertical_alignment":"center","50629690df7fdbc9de4fae303cd97bb6":"","hero_structure":"narrow","9765ff6e3e4c8ea0b792884dc20b20e9":"","page_title_bg_type":"featured_image","custom_hero_background":{"attachment_id":null},"parallax":{"desktop":false,"tablet":false,"mobile":false},"dc0fc9e9e216a766785e259eef7cf909":"","hero_height":"250px","pageTitleFont":{"family":"Default","variation":"Default","size":{"desktop":"32px","tablet":"30px","mobile":"25px"},"line-height":"CT_CSS_SKIP_RULE","letter-spacing":"CT_CSS_SKIP_RULE","text-transform":"CT_CSS_SKIP_RULE","text-decoration":"CT_CSS_SKIP_RULE"},"pageTitleFontColor":{"default":{"color":"CT_CSS_SKIP_RULEDEFAULT"}},"cfbf6d94de9e0c8c5fb3253cc1d8d6e7":"","pageMetaFont":{"family":"Default","variation":"n6","size":"12px","line-height":"1.3","letter-spacing":"CT_CSS_SKIP_RULE","text-transform":"uppercase","text-decoration":"CT_CSS_SKIP_RULE"},"pageMetaFontColor":{"default":{"color":"CT_CSS_SKIP_RULEDEFAULT"},"hover":{"color":"CT_CSS_SKIP_RULEDEFAULT"}},"page_meta_button_type_font_colors":{"default":{"color":"CT_CSS_SKIP_RULEDEFAULT"},"hover":{"color":"CT_CSS_SKIP_RULEDEFAULT"}},"page_meta_button_type_background_colors":{"default":{"color":"CT_CSS_SKIP_RULEDEFAULT"},"hover":{"color":"CT_CSS_SKIP_RULEDEFAULT"}},"80d1dbf9271af91134f3b8a7cc45bab6":"","pageExcerptFont":{"family":"Default","variation":"Default","size":"CT_CSS_SKIP_RULE","line-height":"CT_CSS_SKIP_RULE","letter-spacing":"CT_CSS_SKIP_RULE","text-transform":"CT_CSS_SKIP_RULE","text-decoration":"CT_CSS_SKIP_RULE"},"pageExcerptColor":{"default":{"color":"CT_CSS_SKIP_RULEDEFAULT"}},"3859e24f36fc75072941ecf2402f328c":"","breadcrumbsFont":{"family":"Default","variation":"n6","size":"12px","line-height":"CT_CSS_SKIP_RULE","letter-spacing":"CT_CSS_SKIP_RULE","text-transform":"uppercase","text-decoration":"CT_CSS_SKIP_RULE"},"breadcrumbsFontColor":{"default":{"color":"CT_CSS_SKIP_RULEDEFAULT"},"initial":{"color":"CT_CSS_SKIP_RULEDEFAULT"},"hover":{"color":"CT_CSS_SKIP_RULEDEFAULT"}},"7ef1ed54bdc1e470835329a556071712":"","pageTitleOverlay":{"default":{"color":"CT_CSS_SKIP_RULE"}},"e8300b5d30617668faf46393445e2295":"","pageTitleBackground":{"background_type":"color","background_pattern":"type-1","background_image":{"attachment_id":null,"x":0,"y":0},"gradient":"linear-gradient(135deg,rgba(6,147,227,1) 0%,rgb(155,81,224) 100%)","background_repeat":"no-repeat","background_size":"auto","background_attachment":"scroll","patternColor":{"default":{"color":"#e5e7ea"}},"overlayColor":{"default":{"color":"CT_CSS_SKIP_RULE"}},"backgroundColor":{"default":{"color":"var(--paletteColor6)"}}},"2c0b3d26a5ce6ea8a2c3d8163907f755":"","pageTitlePadding":{"top":"50px","bottom":"50px","left":"auto","right":"auto","linked":true},"56bd28c0703e3f4c049f2d8552987d4b":"","page_structure_type":"type-4","62bb089d34ee8a212718e0158407fe4c":"","content_style_source":"custom","content_style":"wide","vertical_spacing_source":"inherit","content_area_spacing":"both","background":{"background_type":"color","background_pattern":"type-1","background_image":{"attachment_id":null,"x":0,"y":0},"gradient":"linear-gradient(135deg,rgba(6,147,227,1) 0%,rgb(155,81,224) 100%)","background_repeat":"no-repeat","background_size":"auto","background_attachment":"scroll","patternColor":{"default":{"color":"#e5e7ea"}},"overlayColor":{"default":{"color":"CT_CSS_SKIP_RULE"}},"backgroundColor":{"default":{"color":"CT_CSS_SKIP_RULE"}}},"content_background":{"background_type":"color","background_pattern":"type-1","background_image":{"attachment_id":null,"x":0,"y":0},"gradient":"linear-gradient(135deg,rgba(6,147,227,1) 0%,rgb(155,81,224) 100%)","background_repeat":"no-repeat","background_size":"auto","background_attachment":"scroll","patternColor":{"default":{"color":"#e5e7ea"}},"overlayColor":{"default":{"color":"CT_CSS_SKIP_RULE"}},"backgroundColor":{"default":{"color":"var(--paletteColor8)"}}},"content_boxed_shadow":{"inherit":false,"blur":18,"spread":-6,"v_offset":12,"h_offset":0,"inset":false,"enable":true,"color":{"color":"rgba(34, 56, 101, 0.04)"}},"boxed_content_spacing":{"desktop":{"top":"40px","bottom":"40px","left":"40px","right":"40px","linked":true},"tablet":{"top":"35px","bottom":"35px","left":"35px","right":"35px","linked":true},"mobile":{"top":"20px","bottom":"20px","left":"20px","right":"20px","linked":true}},"content_boxed_radius":{"top":"3px","bottom":"3px","left":"3px","right":"3px","linked":true},"c7563ff3478a4494188e56f841e94947":"","disable_featured_image":"no","disable_header":"no","disable_footer":"no","88f323e9d0559a3e16304be3de60748c":"","bd24a592cf6d2b413945e99387b71974":"","1f0cf6668a4be0596fd129a8044f3c39":"","1affb1691f26916c5f245a74103bc871":"","f55edf73c4d769cb44a902c51235bd63":"","dad432d4e2dc552108b61f335a1fd4c7":"","3fedd4b297f61bd878a9ea0f954fcf5d":"","e87d53d7f4fb3006c9d13c4ff0c94038":"","6625e774e0d1c85dbb3de52bc1183e92":"","03691da11f92ccccf3729e5e1d4c829a":"","bea11211143d58daa11b3544b2d22da0":"","59cbcbf6b7048f3cc300a8ee27da2e41":"","284d5ed8b92ece58aeac5611ab5e76a8":"","dda1f51ca9f3b20ad8fd56bd75ff5e16":"","1c60b56524956c692d909f3f0a29e0d0":"","58f568553fda9d6c6df8f97a0405339e":"","54ac9fe64136c073a40e2b95d0c41317":"","ce0aaadb4819da656fdd1f16b6e12325":"","1731c1194c2c5320bc0a20466104d71f":"","8d0b943e3091acce55fe2d54b6c5356f":"","1c6c5455f6922fad984bfb6998c0a236":"","ff311cd67d73f887974fecbed5bd5fe2":"","b01efebb054b6d933ba4d6e7cd32e74c":"","10b05d2f029b05e6dcc3ad7d02f0b9f5":"","6fd333d4cff45f1c5865c0a58f48cf2a":"","25b70c500f7d5f010c623be361944489":"","6c9cc0e3b6e3513d35c9f40ee5c6c597":"","01646415071fa781b04eda3260d73813":""},"jetpack_sharing_enabled":true,"_links":{"self":[{"href":"https:\/\/tinid.fr\/index.php?rest_route=\/wp\/v2\/pages\/5","targetHints":{"allow":["GET"]}}],"collection":[{"href":"https:\/\/tinid.fr\/index.php?rest_route=\/wp\/v2\/pages"}],"about":[{"href":"https:\/\/tinid.fr\/index.php?rest_route=\/wp\/v2\/types\/page"}],"author":[{"embeddable":true,"href":"https:\/\/tinid.fr\/index.php?rest_route=\/wp\/v2\/users\/2"}],"replies":[{"embeddable":true,"href":"https:\/\/tinid.fr\/index.php?rest_route=%2Fwp%2Fv2%2Fcomments&post=5"}],"version-history":[{"count":57,"href":"https:\/\/tinid.fr\/index.php?rest_route=\/wp\/v2\/pages\/5\/revisions"}],"predecessor-version":[{"id":305,"href":"https:\/\/tinid.fr\/index.php?rest_route=\/wp\/v2\/pages\/5\/revisions\/305"}],"wp:attachment":[{"href":"https:\/\/tinid.fr\/index.php?rest_route=%2Fwp%2Fv2%2Fmedia&parent=5"}],"curies":[{"name":"wp","href":"https:\/\/api.w.org\/{rel}","templated":true}]}}